{"id":238,"date":"2024-02-27T16:45:45","date_gmt":"2024-02-27T16:45:45","guid":{"rendered":"http:\/\/test.faraonklub.cz\/?page_id=238"},"modified":"2025-01-21T00:57:26","modified_gmt":"2025-01-20T23:57:26","slug":"clenove-kfp-2024","status":"publish","type":"page","link":"https:\/\/faraonklub.cz\/index.php\/clenove-kfp-2024\/","title":{"rendered":"\u010clenov\u00e9 KFP 2024"},"content":{"rendered":"\n<div class=\"wp-block-columns is-layout-flex wp-container-core-columns-layout-1 wp-block-columns-is-layout-flex\">\n<div class=\"wp-block-column is-layout-flow wp-block-column-is-layout-flow\" style=\"flex-basis:40%\">\n<p class=\"has-text-align-center\">1. <strong>B\u00edlek Du\u0161an<\/strong> (<a href=\"https:\/\/www.sports-samoyed-kennels.cz\/\" target=\"_blank\" rel=\"noreferrer noopener\">od Trokaveck\u00e9 sk\u00e1ly<\/a>)<br>2. <strong>Budina Libor<\/strong><br>3. <strong>Bul\u00edn Martin<\/strong><br>4. <strong>Bret\u0161najderov\u00e1 Michaela<\/strong><br>5. <strong>Byrtus Marcel<\/strong> (<a href=\"https:\/\/www.facebook.com\/aurelias.pharaos\" data-type=\"link\" data-id=\"https:\/\/www.facebook.com\/aurelias.pharaos\" target=\"_blank\" rel=\"noreferrer noopener\">Aurelia&#8217;s Pharaohs<\/a>)<br>6. <strong>Byrtusov\u00e1 Zlata<\/strong> (<a href=\"https:\/\/www.facebook.com\/aurelias.pharaos\" data-type=\"link\" data-id=\"https:\/\/www.facebook.com\/aurelias.pharaos\" target=\"_blank\" rel=\"noreferrer noopener\">Aurelia&#8217;s Pharaohs<\/a>)<br>7. <strong>Coufalov\u00e1 Monika<\/strong> (<a href=\"https:\/\/www.facebook.com\/groups\/1133386571747166\" target=\"_blank\" rel=\"noreferrer noopener\">Farao Amet<\/a>)<br>8. <strong>\u010cerno\u0161kov\u00e1 Ad\u00e9la<\/strong> (<a href=\"http:\/\/www.elnegma.com\" data-type=\"link\" data-id=\"www.elnegma.com\" target=\"_blank\" rel=\"noreferrer noopener\">El Negma<\/a>)<br>9. <strong>Fohlov\u00e1 Jana<\/strong> (Ginger Dwarf)<br>10. <strong>Fuks\u00edk Petr<\/strong><br>11. <strong>Gasparovi\u010dov\u00e1 Daniela<\/strong> (<a href=\"https:\/\/eskarxa.eu\/\" data-type=\"link\" data-id=\"https:\/\/ibizskypodengo.websnadno.cz\/\" target=\"_blank\" rel=\"noreferrer noopener\">Eskarxa<\/a>)<br>12. <strong>Hassmanov\u00e1 Karin<\/strong><br>13. <strong>Hor\u00e1k Radek<\/strong><br>14. <strong>Janouchov\u00e1 Jolana<\/strong> (<a href=\"https:\/\/www.facebook.com\/chagyPH\" target=\"_blank\" rel=\"noreferrer noopener\">Faraon, Cirneco<\/a>)<br>15. <strong>Jure\u010dkov\u00e1 Vendula<\/strong><br>16. <strong>Kazm\u011br\u010d\u00edkov\u00e1 Denisa<\/strong> (<a href=\"http:\/\/www.talsannat.com\" data-type=\"link\" data-id=\"www.talsannat.com\" target=\"_blank\" rel=\"noreferrer noopener\">Tal Sannat<\/a>)<br>17. <strong>Kol\u00e1\u010dkov\u00e1 Eva<\/strong><br>18. <strong>Kone\u010dn\u00e1 Veronika<\/strong> (Faraon &#8211; <a href=\"https:\/\/www.facebook.com\/profile.php?id=100073609672362\" target=\"_blank\" rel=\"noreferrer noopener\">Cherry a Poppy<\/a>)<br>19. <strong>Kutiov\u00e1 Jitka<\/strong> (<a href=\"https:\/\/www.facebook.com\/profile.php?id=100085127666301\" target=\"_blank\" rel=\"noreferrer noopener\">Wai-Wad<\/a>)<br>20. <strong>Kydalov\u00e1 Jana<\/strong> (Stalagmit)<br>21. <strong>Lorencov\u00e1 Nowacki Pavl\u00edna<\/strong> (Decuma)<br>22. <strong>Martinson Eva Teresa<\/strong><br>23. <strong>Nejedl\u00e1 Michaela<\/strong> (<a href=\"https:\/\/www.facebook.com\/StoryofNatureSamoyed\" data-type=\"link\" data-id=\"https:\/\/www.facebook.com\/StoryofNatureSamoyed\" target=\"_blank\" rel=\"noreferrer noopener\">Story of Nature<\/a>)<br>24. <strong>Nev\u011b\u010dn\u00e1 Radka<\/strong> (<a href=\"https:\/\/pharaoh.estranky.cz\/\" target=\"_blank\" rel=\"noreferrer noopener\">Faraon<\/a>)<br>25. <strong>Nguyenov\u00e1 Florin<\/strong> (<a href=\"https:\/\/www.facebook.com\/florinasdiamonds\" data-type=\"link\" data-id=\"https:\/\/www.facebook.com\/florinasdiamonds\" target=\"_blank\" rel=\"noreferrer noopener\">Florina&#8217;s Diamonds<\/a>)<br>26. <strong>Pachtov\u00e1 Ilona<\/strong> (<a href=\"https:\/\/www.bandodecampo.cz\/?fbclid=IwAR3cRnHJLoJdeMHEfcrCYXiYHh1GDJj4ZdM_G0q4f4uVtvKb3Na9IulJotY\" data-type=\"link\" data-id=\"https:\/\/www.bandodecampo.cz\/?fbclid=IwAR3cRnHJLoJdeMHEfcrCYXiYHh1GDJj4ZdM_G0q4f4uVtvKb3Na9IulJotY\" target=\"_blank\" rel=\"noreferrer noopener\">Bando de Campo<\/a>)<br>27. <strong>Proch\u00e1zka Rostislav<\/strong><br>28. <strong>\u0160ejcov\u00e1 Veronika<\/strong><br>29. <strong>\u0160ulc Svatopluk<\/strong><br>30. <strong>Z\u00e1tkov\u00e1 Zuzana<\/strong><\/p>\n<\/div>\n\n\n\n<div class=\"wp-block-column is-layout-flow wp-block-column-is-layout-flow\" style=\"flex-basis:60%\">\n<p class=\"has-medium-font-size\"><strong>Jak se st\u00e1t \u010dlenem KFP<\/strong><\/p>\n\n\n\n<p>Pokud se chcete st\u00e1t \u010dlenem KFP, vypl\u0148te pros\u00edm p\u0159ihl\u00e1\u0161ku (<a href=\"https:\/\/faraonklub.cz\/wp-content\/uploads\/2024\/03\/prihlaska-faraonklub.pdf\" data-type=\"attachment\" data-id=\"720\" target=\"_blank\" rel=\"noreferrer noopener\">PDF<\/a>, <a href=\"https:\/\/faraonklub.cz\/wp-content\/uploads\/2024\/03\/prihlaska-faraonklub.doc\" target=\"_blank\" rel=\"noreferrer noopener\">doc<\/a>)<br>a ode\u0161lete ji spolu s potvrzen\u00edm o zaplacen\u00ed \u010dlensk\u00e9ho p\u0159\u00edsp\u011bvku <br>na e-mail: faraonklub@seznam.cz<\/p>\n\n\n\n<p>Variabiln\u00ed symbol pro \u010dlenstv\u00ed je <strong>001<\/strong><br><em>&#8211; pro st\u00e1vaj\u00edc\u00ed \u010dleny 700,- K\u010d \/ hrad\u00ed se KA\u017dDORO\u010cN\u011a do 20.1.<br>&#8211; nov\u00ed \u010dlenov\u00e9 800,- K\u010d (700,- K\u010d \u010dlensk\u00e9 + 100,- K\u010d z\u00e1pisn\u00e9)<\/em><\/p>\n\n\n\n<p><strong>\u010c\u00edslo \u00fa\u010dtu<\/strong> Klubu Faraonsk\u00fdch ps\u016f: 2601702074\/2010<br><strong>N\u00e1zev Banky<\/strong>: Fio Banka<\/p>\n\n\n\n<p>Pro platbu\u00a0<strong>po\u0161tovn\u00ed pouk\u00e1zkou &#8222;A&#8220;\u00a0<\/strong>je adresa majitele \u00fa\u010dtu:<br>KFP, z.s.,\u00a0Nov\u00e1 Ves 96, 277 52 Nov\u00e1 Ves u M\u011bln\u00edka<\/p>\n\n\n\n<p><br><strong>Account number for foreign members<br>Die kontonummer f\u00fcr die Auslandsaussteller:<br><\/strong>BIC\/SWIFT: FIOBCZPPXXX<br>IBAN: CZ38 2010 0000 0026 0170 2074<\/p>\n\n\n\n<p><br><\/p>\n<\/div>\n<\/div>\n","protected":false},"excerpt":{"rendered":"<p>1. B\u00edlek Du\u0161an (od Trokaveck\u00e9 sk\u00e1ly)2. Budina Libor3. Bul\u00edn Martin4. Bret\u0161najderov\u00e1 Michaela5. Byrtus Marcel (Aurelia&#8217;s Pharaohs)6. Byrtusov\u00e1 Zlata (Aurelia&#8217;s Pharaohs)7. Coufalov\u00e1 Monika (Farao Amet)8. \u010cerno\u0161kov\u00e1 Ad\u00e9la (El Negma)9. Fohlov\u00e1 Jana &#8230;<\/p>\n","protected":false},"author":1,"featured_media":0,"parent":0,"menu_order":0,"comment_status":"closed","ping_status":"closed","template":"","meta":{"footnotes":"","_links_to":"","_links_to_target":""},"_links":{"self":[{"href":"https:\/\/faraonklub.cz\/index.php\/wp-json\/wp\/v2\/pages\/238"}],"collection":[{"href":"https:\/\/faraonklub.cz\/index.php\/wp-json\/wp\/v2\/pages"}],"about":[{"href":"https:\/\/faraonklub.cz\/index.php\/wp-json\/wp\/v2\/types\/page"}],"author":[{"embeddable":true,"href":"https:\/\/faraonklub.cz\/index.php\/wp-json\/wp\/v2\/users\/1"}],"replies":[{"embeddable":true,"href":"https:\/\/faraonklub.cz\/index.php\/wp-json\/wp\/v2\/comments?post=238"}],"version-history":[{"count":16,"href":"https:\/\/faraonklub.cz\/index.php\/wp-json\/wp\/v2\/pages\/238\/revisions"}],"predecessor-version":[{"id":2720,"href":"https:\/\/faraonklub.cz\/index.php\/wp-json\/wp\/v2\/pages\/238\/revisions\/2720"}],"wp:attachment":[{"href":"https:\/\/faraonklub.cz\/index.php\/wp-json\/wp\/v2\/media?parent=238"}],"curies":[{"name":"wp","href":"https:\/\/api.w.org\/{rel}","templated":true}]}}