{"id":393,"date":"2024-02-26T08:39:23","date_gmt":"2024-02-26T08:39:23","guid":{"rendered":"http:\/\/test.faraonklub.cz\/?page_id=14"},"modified":"2025-04-23T20:09:57","modified_gmt":"2025-04-23T18:09:57","slug":"odkazy","status":"publish","type":"page","link":"https:\/\/faraonklub.cz\/index.php\/odkazy\/","title":{"rendered":"Odkazy, chovatelsk\u00e9 stanice"},"content":{"rendered":"\n<div class=\"wp-block-columns is-layout-flex wp-container-core-columns-layout-1 wp-block-columns-is-layout-flex\">\n<div class=\"wp-block-column is-layout-flow wp-block-column-is-layout-flow\" style=\"flex-basis:50%\">\n<ul>\n<li>Ad\u00e1mkov\u00e1 Lucie \/&nbsp;<a href=\"https:\/\/miracolo-cani-di-luca.webnode.cz\/\" target=\"_blank\" rel=\"noreferrer noopener\">Miracolo Cani di Luca<\/a>&nbsp;(Sicilsk\u00fd chrt)<\/li>\n\n\n\n<li>B\u00edlek Du\u0161an \/ <a href=\"https:\/\/www.sports-samoyed-kennels.cz\/\" target=\"_blank\" rel=\"noreferrer noopener\">Od Trokaveck\u00e9 sk\u00e1ly<\/a> (Portugalsk\u00fd podengo, velk\u00fd)<\/li>\n\n\n\n<li>Byrtusov\u00e1 Zlata&nbsp;\/ <a href=\"https:\/\/www.facebook.com\/aurelias.pharaos\" target=\"_blank\" rel=\"noreferrer noopener\">Aurelia\u2019s Pharaos<\/a>&nbsp;(Faraonsk\u00fd pes)<\/li>\n\n\n\n<li>Coufalov\u00e1 Monika \/&nbsp;<a href=\"https:\/\/www.facebook.com\/groups\/1133386571747166\" target=\"_blank\" rel=\"noreferrer noopener\">Farao Amet<\/a>&nbsp;(Faraonsk\u00fd pes)<\/li>\n\n\n\n<li>\u010cerno\u0161kov\u00e1 Ad\u00e9la \/&nbsp;<a href=\"http:\/\/www.elnegma.com\/\" target=\"_blank\" rel=\"noreferrer noopener\">El Negma<\/a>&nbsp;(Faraonsk\u00fd pes)<\/li>\n\n\n\n<li>Fohlov\u00e1 Jana \/&nbsp;Ginger Dwarf&nbsp;(Faraonsk\u00fd pes)<\/li>\n\n\n\n<li>Gasparovi\u010dov\u00e1 Daniela, SK\u00a0\/ <a href=\"https:\/\/ibizskypodengo.websnadno.cz\/\" target=\"_blank\" rel=\"noreferrer noopener\">Eskarxa<\/a> (Faraonsk\u00fd pes, Ibizsk\u00fd podenco)<\/li>\n\n\n\n<li>Halenkov\u00e1 Jana \/ <a href=\"https:\/\/www.pharaoh-and-ibizan.com\/\" data-type=\"link\" data-id=\"https:\/\/www.pharaoh-and-ibizan.com\/\" target=\"_blank\" rel=\"noreferrer noopener\">Faraon, Ibizsk\u00fd podenco<\/a><\/li>\n\n\n\n<li>Janouchov\u00e1 Jolana \/ <a href=\"https:\/\/www.facebook.com\/chagyPH\" target=\"_blank\" rel=\"noreferrer noopener\">Faraonsk\u00fd pes, Sicilsk\u00fd chrt<\/a><\/li>\n\n\n\n<li>Kazm\u011br\u010d\u00edkov\u00e1 Denisa \/&nbsp;<a href=\"http:\/\/www.talsannat.com\/\" target=\"_blank\" rel=\"noreferrer noopener\">Tal Sannat<\/a>&nbsp;(Faraonsk\u00fd pes)<\/li>\n\n\n\n<li>Kone\u010dn\u00e1 Veronika \/ <a href=\"https:\/\/www.facebook.com\/profile.php?id=100073609672362\" target=\"_blank\" rel=\"noreferrer noopener\">Faraonsk\u00fd pes<\/a><\/li>\n\n\n\n<li>Kutiov\u00e1 Jitka \/<a href=\"https:\/\/www.facebook.com\/profile.php?id=100085127666301\" target=\"_blank\" rel=\"noreferrer noopener\">&nbsp;Wai-Wad<\/a>&nbsp;(Faraonsk\u00fd pes, Ibizsk\u00fd podenco, Sicilsk\u00fd chrt)<\/li>\n\n\n\n<li>Kydalov\u00e1 Jana, Ing. \/&nbsp;Stalagmit&nbsp;(Faraonsk\u00fd pes, Portugalsk\u00fd podengo)<\/li>\n\n\n\n<li>Lorencov\u00e1 Nowacki Pavl\u00edna \/ Decuma (Portugalsk\u00fd podengo)<\/li>\n\n\n\n<li>Nejedl\u00e1 Michaela&nbsp;\/ <a href=\"https:\/\/www.storyofnature.cz\/\" target=\"_blank\" rel=\"noreferrer noopener\">Story of Nature<\/a> (Faraonsk\u00fd pes)<\/li>\n\n\n\n<li>Nev\u011b\u010dn\u00e1 Radka \/&nbsp;<a href=\"http:\/\/www.pharaoh.estranky.cz\/\" target=\"_blank\" rel=\"noreferrer noopener\">Faraonsk\u00fd pes<\/a>&nbsp;(Izzy Putimsk\u00e1 br\u00e1na)<\/li>\n\n\n\n<li>Nguyenov\u00e1 Florine \/&nbsp;<a href=\"https:\/\/www.facebook.com\/florinasdiamonds\" data-type=\"link\" data-id=\"https:\/\/www.facebook.com\/florinasdiamonds\" target=\"_blank\" rel=\"noreferrer noopener\">Florina&#8217;s Diamonds<\/a>&nbsp;(Faraonsk\u00fd pes)<\/li>\n\n\n\n<li>Pachtov\u00e1 Ilona \/&nbsp;<a href=\"http:\/\/www.bandodecampo.cz\/\" target=\"_blank\" rel=\"noreferrer noopener\">Bando de Campo<\/a>&nbsp;(Portugalsk\u00fd podengo)<\/li>\n\n\n\n<li>Pipalov\u00e1 Pavl\u00edna \/&nbsp;Farafra&nbsp;(Faraonsk\u00fd pes, Portugalsk\u00fd podengo)<\/li>\n\n\n\n<li>Varousov\u00e1 Ivana \/&nbsp;<a href=\"http:\/\/www.putimskabrana.com\/\" target=\"_blank\" rel=\"noreferrer noopener\">Putimsk\u00e1 br\u00e1na<\/a>&nbsp;(Faraonsk\u00fd pes)<\/li>\n<\/ul>\n<\/div>\n\n\n\n<div class=\"wp-block-column is-layout-flow wp-block-column-is-layout-flow\" style=\"flex-basis:50%\">\n<p class=\"has-medium-font-size\"><strong>Chovatelsk\u00e9 datab\u00e1ze:<\/strong><\/p>\n\n\n\n<ul>\n<li>Pharaoh Hound, Kelb tal Fenek \/\/&nbsp;<a href=\"http:\/\/pharaohhound.breedarchive.com\/\" target=\"_blank\" rel=\"noreferrer noopener\">Breed Archiv<\/a><\/li>\n\n\n\n<li>Podenco Ibicenco \/\/&nbsp;<a href=\"https:\/\/ibizanhound.breedarchive.com\/home\/index\" target=\"_blank\" rel=\"noreferrer noopener\">Breed Archiv<\/a><\/li>\n\n\n\n<li>Podengo Portuguese \/\/&nbsp;<a href=\"https:\/\/podengoportugues.breedarchive.com\/home\/index\" target=\"_blank\" rel=\"noreferrer noopener\">Breed Archiv<\/a><\/li>\n\n\n\n<li>Cirneco dell\u2019Etna \/\/&nbsp;<a href=\"https:\/\/cirneco.breedarchive.com\/home\/index\" target=\"_blank\" rel=\"noreferrer noopener\">Breed Archiv<\/a><\/li>\n<\/ul>\n\n\n\n<div style=\"height:40px\" aria-hidden=\"true\" class=\"wp-block-spacer\"><\/div>\n\n\n\n<p class=\"has-medium-font-size\"><strong>Dal\u0161\u00ed souvisej\u00edc\u00ed odkazy<\/strong><\/p>\n\n\n\n<ul>\n<li><a href=\"https:\/\/www.kchch.sk\/\" data-type=\"link\" data-id=\"https:\/\/www.kchch.sk\/\" target=\"_blank\" rel=\"noreferrer noopener\">Klub chovatelov chrtov<\/a>, SK<\/li>\n\n\n\n<li><a href=\"https:\/\/skj.sk\/sk\/\" data-type=\"link\" data-id=\"https:\/\/skj.sk\/sk\/\">SKJ<\/a> Slovensk\u00e1 kynologick\u00e1 jednota<\/li>\n\n\n\n<li><a href=\"https:\/\/www.cmku.cz\/cz\" target=\"_blank\" rel=\"noreferrer noopener\">\u010cMKU<\/a>&nbsp;\u010ceskoMoravsk\u00e1 Kynologick\u00e1 Unie<\/li>\n\n\n\n<li><a href=\"https:\/\/www.cmkj.eu\/\" data-type=\"link\" data-id=\"https:\/\/www.cmkj.eu\/\" target=\"_blank\" rel=\"noreferrer noopener\">\u010cMKJ<\/a> \u010ceskomoravsk\u00e1 Kynologick\u00e1 Jednota<\/li>\n\n\n\n<li><a href=\"http:\/\/klubszpica.pl\/\" target=\"_blank\" rel=\"noreferrer noopener\">Klub Szpic\u00f3w, i ras pierwotnych<\/a>, PL<\/li>\n\n\n\n<li><a href=\"http:\/\/www.klubcharta.zkwp.pl\/\" data-type=\"link\" data-id=\"http:\/\/www.klubcharta.zkwp.pl\/\" target=\"_blank\" rel=\"noreferrer noopener\">Klub chrt\u016f v Polsku<\/a> \/ Facebook str\u00e1nka <a href=\"https:\/\/www.facebook.com\/klubcharta\/?locale=pl_PL\" target=\"_blank\" rel=\"noreferrer noopener\">zde<\/a><\/li>\n\n\n\n<li><a href=\"http:\/\/www.fci.be\/en\/\" target=\"_blank\" rel=\"noreferrer noopener\">FCI<\/a>&nbsp;&nbsp;F\u00e9d\u00e9ration Cynologique Internationale<\/li>\n\n\n\n<li><a href=\"http:\/\/www.fci-eurosighthound.com\/\" target=\"_blank\" rel=\"noreferrer noopener\">F.C.I. Eurosighthound<\/a><\/li>\n\n\n\n<li><a href=\"https:\/\/www.zkwp.pl\/index_en.php?l=en\" target=\"_blank\" rel=\"noreferrer noopener\">ZKWP<\/a>&nbsp;Zwiazek Kynologiczny w Polsce <\/li>\n<\/ul>\n\n\n\n<div style=\"height:5px\" aria-hidden=\"true\" class=\"wp-block-spacer\"><\/div>\n\n\n\n<ul>\n<li><a href=\"https:\/\/coursing.wixsite.com\/chrty\" target=\"_blank\" rel=\"noreferrer noopener\">Slovensk\u00fd dostihov\u00fd a coursingov\u00fd zvaz, SK<\/a><\/li>\n\n\n\n<li><a href=\"http:\/\/www.fcw-coursing.at\/\" target=\"_blank\" rel=\"noreferrer noopener\">Austrian Coursing Friends<\/a>, A<\/li>\n\n\n\n<li><a href=\"http:\/\/arh-marchegg.at\/\" target=\"_blank\" rel=\"noreferrer noopener\">Str\u00e1nka dostihov\u00e9ho klubu<\/a>&nbsp;v Marcheggu<\/li>\n\n\n\n<li><a href=\"http:\/\/www.chrtilednice.cz\/\" target=\"_blank\" rel=\"noreferrer noopener\">Dostihov\u00e1 dr\u00e1ha Lednice<\/a>, CZ<\/li>\n\n\n\n<li><a href=\"http:\/\/www.interdog.wz.cz\/\" target=\"_blank\" rel=\"noreferrer noopener\">Dostihov\u00e1 dr\u00e1ha Mlad\u00e1 Boleslav<\/a>, CZ<\/li>\n\n\n\n<li><a href=\"http:\/\/www.mensikbrno.cz\/dostihy\/\" target=\"_blank\" rel=\"noreferrer noopener\">Dostihov\u00e1 dr\u00e1ha Kol\u00edn<\/a>, CZ<\/li>\n\n\n\n<li><a href=\"http:\/\/www.fcw-coursing.at\/\" target=\"_blank\" rel=\"noreferrer noopener\">Freunde des Coursings und Windhundesports<\/a>, A<\/li>\n<\/ul>\n<\/div>\n<\/div>\n","protected":false},"excerpt":{"rendered":"<p>Chovatelsk\u00e9 datab\u00e1ze: Dal\u0161\u00ed souvisej\u00edc\u00ed odkazy<\/p>\n","protected":false},"author":1,"featured_media":0,"parent":0,"menu_order":0,"comment_status":"closed","ping_status":"closed","template":"","meta":{"footnotes":"","_links_to":"","_links_to_target":""},"_links":{"self":[{"href":"https:\/\/faraonklub.cz\/index.php\/wp-json\/wp\/v2\/pages\/393"}],"collection":[{"href":"https:\/\/faraonklub.cz\/index.php\/wp-json\/wp\/v2\/pages"}],"about":[{"href":"https:\/\/faraonklub.cz\/index.php\/wp-json\/wp\/v2\/types\/page"}],"author":[{"embeddable":true,"href":"https:\/\/faraonklub.cz\/index.php\/wp-json\/wp\/v2\/users\/1"}],"replies":[{"embeddable":true,"href":"https:\/\/faraonklub.cz\/index.php\/wp-json\/wp\/v2\/comments?post=393"}],"version-history":[{"count":19,"href":"https:\/\/faraonklub.cz\/index.php\/wp-json\/wp\/v2\/pages\/393\/revisions"}],"predecessor-version":[{"id":3331,"href":"https:\/\/faraonklub.cz\/index.php\/wp-json\/wp\/v2\/pages\/393\/revisions\/3331"}],"wp:attachment":[{"href":"https:\/\/faraonklub.cz\/index.php\/wp-json\/wp\/v2\/media?parent=393"}],"curies":[{"name":"wp","href":"https:\/\/api.w.org\/{rel}","templated":true}]}}