{"id":438,"date":"2024-02-29T09:18:25","date_gmt":"2024-02-29T09:18:25","guid":{"rendered":"http:\/\/test.faraonklub.cz\/?page_id=438"},"modified":"2024-03-02T04:16:47","modified_gmt":"2024-03-02T03:16:47","slug":"klubovy-sampion","status":"publish","type":"page","link":"https:\/\/faraonklub.cz\/index.php\/klubovy-sampion\/","title":{"rendered":"Klubov\u00fd \u0161ampion"},"content":{"rendered":"\n<div class=\"wp-block-columns is-layout-flex wp-container-core-columns-layout-1 wp-block-columns-is-layout-flex\">\n<div class=\"wp-block-column is-layout-flow wp-block-column-is-layout-flow\">\n<ul>\n<li>Ka\u017ed\u00e9 plemeno m\u00e1 svou vlastn\u00ed perokresbu. Tisk na luxusn\u00ed pap\u00edr (A4) vy\u0161\u0161\u00ed gram\u00e1\u017ee.<\/li>\n\n\n\n<li>Diplom je mo\u017en\u00e9 vystavit i ps\u016fm, kte\u0159\u00ed maj\u00ed titul Klubov\u00fd \u0161ampion ji\u017e p\u0159iznan\u00fd &#8211; zde sta\u010d\u00ed dolo\u017eit fotokopii PP, p\u0159\u00edpadn\u011b p\u0159\u00edlohy k PP s vidit\u011bln\u00fdm z\u00e1pisem titulu.<\/li>\n\n\n\n<li>Kdo splnil podm\u00ednky, ale titul p\u0159iznan\u00fd je\u0161t\u011b nem\u00e1, sta\u010d\u00ed vyplnit tabulku (<a href=\"https:\/\/faraonklub.cz\/wp-content\/uploads\/2024\/03\/klub.sampion.pdf\" target=\"_blank\" rel=\"noreferrer noopener\">PDF<\/a> \u010di <a href=\"https:\/\/faraonklub.cz\/wp-content\/uploads\/2024\/03\/klub.sampion.xls\" target=\"_blank\" rel=\"noreferrer noopener\">excell<\/a>) a o titul si za\u017e\u00e1dat.<\/li>\n\n\n\n<li>Diplom bude p\u0159ed\u00e1n na klubov\u00fdch akc\u00edch, ve vyj\u00edme\u010dn\u00fdch p\u0159\u00edpadech lze zaslat po\u0161tou (zde ale pochopiteln\u011b neru\u010d\u00edme za p\u0159\u00edpadn\u00e9 po\u0161kozen\u00ed p\u0159epravou).<\/li>\n\n\n\n<li>Poplatek za vystaven\u00ed diplomu je 50,- K\u010d, platba pouze p\u0159edem na \u00fa\u010det klubu: 2601702074\/2010 &#8211; VS: 002.<\/li>\n\n\n\n<li>\u017d\u00e1dost o vystaven\u00ed diplomu zas\u00edlejte e-mailem: <a href=\"mailto:florin@email.cz\">florin@email.cz<\/a>, p\u0159ilo\u017ete kopii platby a vypln\u011bnou tabulku k p\u0159izn\u00e1n\u00ed titulu, v p\u0159\u00edpad\u011b ji\u017e p\u0159iznan\u00e9ho titulu kopii PP, \u010di p\u0159\u00edlohy k PP s vidit\u011bln\u00fdm z\u00e1znamem o p\u0159izn\u00e1n\u00ed titulu.<\/li>\n<\/ul>\n<\/div>\n\n\n\n<div class=\"wp-block-column is-layout-flow wp-block-column-is-layout-flow\">\n<div style=\"height:52px\" aria-hidden=\"true\" class=\"wp-block-spacer\"><\/div>\n\n\n\n<figure data-wp-context=\"{ &quot;core&quot;:\n\t\t\t\t{ &quot;image&quot;:\n\t\t\t\t\t{   &quot;imageLoaded&quot;: false,\n\t\t\t\t\t\t&quot;initialized&quot;: false,\n\t\t\t\t\t\t&quot;lightboxEnabled&quot;: false,\n\t\t\t\t\t\t&quot;hideAnimationEnabled&quot;: false,\n\t\t\t\t\t\t&quot;preloadInitialized&quot;: false,\n\t\t\t\t\t\t&quot;lightboxAnimation&quot;: &quot;zoom&quot;,\n\t\t\t\t\t\t&quot;imageUploadedSrc&quot;: &quot;https:\/\/faraonklub.cz\/wp-content\/uploads\/2024\/03\/diplom.jpg&quot;,\n\t\t\t\t\t\t&quot;imageCurrentSrc&quot;: &quot;&quot;,\n\t\t\t\t\t\t&quot;targetWidth&quot;: &quot;518&quot;,\n\t\t\t\t\t\t&quot;targetHeight&quot;: &quot;340&quot;,\n\t\t\t\t\t\t&quot;scaleAttr&quot;: &quot;&quot;,\n\t\t\t\t\t\t&quot;dialogLabel&quot;: &quot;Zv\u011bt\u0161en\u00fd obr\u00e1zek&quot;\n\t\t\t\t\t}\n\t\t\t\t}\n\t\t\t}\" data-wp-interactive class=\"wp-block-image size-full wp-duotone-rgb125523-ffffff-1 wp-lightbox-container\"><img loading=\"lazy\" decoding=\"async\" width=\"518\" height=\"340\" data-wp-effect--setStylesOnResize=\"effects.core.image.setStylesOnResize\" data-wp-effect=\"effects.core.image.setButtonStyles\" data-wp-init=\"effects.core.image.initOriginImage\" data-wp-on--click=\"actions.core.image.showLightbox\" data-wp-on--load=\"actions.core.image.handleLoad\" src=\"https:\/\/faraonklub.cz\/wp-content\/uploads\/2024\/03\/diplom.jpg\" alt=\"\" class=\"wp-image-745\" srcset=\"https:\/\/faraonklub.cz\/wp-content\/uploads\/2024\/03\/diplom.jpg 518w, https:\/\/faraonklub.cz\/wp-content\/uploads\/2024\/03\/diplom-300x197.jpg 300w\" sizes=\"(max-width: 518px) 100vw, 518px\" \/><button\n\t\t\tclass=\"lightbox-trigger\"\n\t\t\ttype=\"button\"\n\t\t\taria-haspopup=\"dialog\"\n\t\t\taria-label=\"Zv\u011bt\u0161it obr\u00e1zek\"\n\t\t\tdata-wp-on--click=\"actions.core.image.showLightbox\"\n\t\t\tdata-wp-style--right=\"context.core.image.imageButtonRight\"\n\t\t\tdata-wp-style--top=\"context.core.image.imageButtonTop\"\n\t\t>\n\t\t\t<svg xmlns=\"http:\/\/www.w3.org\/2000\/svg\" width=\"12\" height=\"12\" fill=\"none\" viewBox=\"0 0 12 12\">\n\t\t\t\t<path fill=\"#fff\" d=\"M2 0a2 2 0 0 0-2 2v2h1.5V2a.5.5 0 0 1 .5-.5h2V0H2Zm2 10.5H2a.5.5 0 0 1-.5-.5V8H0v2a2 2 0 0 0 2 2h2v-1.5ZM8 12v-1.5h2a.5.5 0 0 0 .5-.5V8H12v2a2 2 0 0 1-2 2H8Zm2-12a2 2 0 0 1 2 2v2h-1.5V2a.5.5 0 0 0-.5-.5H8V0h2Z\" \/>\n\t\t\t<\/svg>\n\t\t<\/button>        <div data-wp-body=\"\" class=\"wp-lightbox-overlay zoom\"\n            data-wp-bind--role=\"selectors.core.image.roleAttribute\"\n            data-wp-bind--aria-label=\"selectors.core.image.dialogLabel\"\n            data-wp-class--initialized=\"context.core.image.initialized\"\n            data-wp-class--active=\"context.core.image.lightboxEnabled\"\n            data-wp-class--hideAnimationEnabled=\"context.core.image.hideAnimationEnabled\"\n            data-wp-bind--aria-modal=\"selectors.core.image.ariaModal\"\n            data-wp-effect=\"effects.core.image.initLightbox\"\n            data-wp-on--keydown=\"actions.core.image.handleKeydown\"\n            data-wp-on--touchstart=\"actions.core.image.handleTouchStart\"\n            data-wp-on--touchmove=\"actions.core.image.handleTouchMove\"\n            data-wp-on--touchend=\"actions.core.image.handleTouchEnd\"\n            data-wp-on--click=\"actions.core.image.hideLightbox\"\n            tabindex=\"-1\"\n            >\n                <button type=\"button\" aria-label=\"Zav\u0159\u00edt\" style=\"fill: #000\" class=\"close-button\" data-wp-on--click=\"actions.core.image.hideLightbox\">\n                    <svg xmlns=\"http:\/\/www.w3.org\/2000\/svg\" viewBox=\"0 0 24 24\" width=\"20\" height=\"20\" aria-hidden=\"true\" focusable=\"false\"><path d=\"M13 11.8l6.1-6.3-1-1-6.1 6.2-6.1-6.2-1 1 6.1 6.3-6.5 6.7 1 1 6.5-6.6 6.5 6.6 1-1z\"><\/path><\/svg>\n                <\/button>\n                <div class=\"lightbox-image-container\">\n<figure class=\"wp-block-image size-full wp-duotone-rgb125523-ffffff-1 responsive-image\"><img decoding=\"async\" data-wp-bind--src=\"context.core.image.imageCurrentSrc\" data-wp-style--object-fit=\"selectors.core.image.lightboxObjectFit\" src=\"\" alt=\"\" class=\"wp-image-745\"\/><\/figure>\n<\/div>\n                <div class=\"lightbox-image-container\">\n<figure class=\"wp-block-image size-full wp-duotone-rgb125523-ffffff-1 enlarged-image\"><img decoding=\"async\" data-wp-bind--src=\"selectors.core.image.enlargedImgSrc\" data-wp-style--object-fit=\"selectors.core.image.lightboxObjectFit\" src=\"\" alt=\"\" class=\"wp-image-745\"\/><\/figure>\n<\/div>\n                <div class=\"scrim\" style=\"background-color: #fff\" aria-hidden=\"true\"><\/div>\n        <\/div><\/figure>\n<\/div>\n<\/div>\n","protected":false},"excerpt":{"rendered":"","protected":false},"author":1,"featured_media":0,"parent":0,"menu_order":0,"comment_status":"closed","ping_status":"closed","template":"","meta":{"footnotes":"","_links_to":"","_links_to_target":""},"_links":{"self":[{"href":"https:\/\/faraonklub.cz\/index.php\/wp-json\/wp\/v2\/pages\/438"}],"collection":[{"href":"https:\/\/faraonklub.cz\/index.php\/wp-json\/wp\/v2\/pages"}],"about":[{"href":"https:\/\/faraonklub.cz\/index.php\/wp-json\/wp\/v2\/types\/page"}],"author":[{"embeddable":true,"href":"https:\/\/faraonklub.cz\/index.php\/wp-json\/wp\/v2\/users\/1"}],"replies":[{"embeddable":true,"href":"https:\/\/faraonklub.cz\/index.php\/wp-json\/wp\/v2\/comments?post=438"}],"version-history":[{"count":5,"href":"https:\/\/faraonklub.cz\/index.php\/wp-json\/wp\/v2\/pages\/438\/revisions"}],"predecessor-version":[{"id":780,"href":"https:\/\/faraonklub.cz\/index.php\/wp-json\/wp\/v2\/pages\/438\/revisions\/780"}],"wp:attachment":[{"href":"https:\/\/faraonklub.cz\/index.php\/wp-json\/wp\/v2\/media?parent=438"}],"curies":[{"name":"wp","href":"https:\/\/api.w.org\/{rel}","templated":true}]}}