{"id":446,"date":"2024-02-29T09:42:35","date_gmt":"2024-02-29T09:42:35","guid":{"rendered":"http:\/\/test.faraonklub.cz\/?page_id=446"},"modified":"2025-10-25T19:19:12","modified_gmt":"2025-10-25T17:19:12","slug":"plemena","status":"publish","type":"page","link":"https:\/\/faraonklub.cz\/index.php\/plemena\/","title":{"rendered":"Uchovn\u011bn\u00ed jedinci v KFP"},"content":{"rendered":"\n<div class=\"wp-block-columns is-layout-flex wp-container-core-columns-layout-1 wp-block-columns-is-layout-flex\">\n<div class=\"wp-block-column is-layout-flow wp-block-column-is-layout-flow\" style=\"flex-basis:50%\">\n<p><strong>Netolice &#8211; 28.09.2025<\/strong> \/ Dr. Otto Schimpf (AT)<\/p>\n\n\n\n<ul>\n<li><a href=\"https:\/\/ibizanhound.breedarchive.com\/animal\/view\/huracan-de-cueva-des-culleram-d693f3db-78eb-4fa2-8a04-42b23f960de7\" target=\"_blank\" rel=\"noreferrer noopener\">Huracan De Cueva D&#8217;es Culleram<\/a> (pes, Ibizsk\u00fd Podenco)<\/li>\n\n\n\n<li><a href=\"https:\/\/ibizanhound.breedarchive.com\/animal\/view\/primal-hounds-amiah-rejoice-of-zirnitra-29bf30be-c986-4318-917d-55221d48cfe0\" target=\"_blank\" rel=\"noreferrer noopener\">Primal Hound&#8217;s Amiah Rejoice Of Zirnitra<\/a> (fena, Ibizsk\u00fd Podenco)<\/li>\n<\/ul>\n\n\n\n<p><strong>Rybn\u00ed\u010dek &#8211; 31.05.2025<\/strong> \/ Mudra Anton\u00edn (CZ)<\/p>\n\n\n\n<ul>\n<li><a href=\"https:\/\/pharaohhound.breedarchive.com\/animal\/view\/cayenne-fever-florinas-diamonds-57de7f0b-6085-4b11-a977-5e0ada566de8\" target=\"_blank\" rel=\"noreferrer noopener\">Cayenne Fever Florina&#8217;s Diamonds<\/a> (pes, Faraonsk\u00fd pes)<\/li>\n\n\n\n<li><a href=\"https:\/\/pharaohhound.breedarchive.com\/animal\/view\/cyou-valerian-florinas-diamonds-b008d96a-9389-4087-b583-53b3d5183ce8\" target=\"_blank\" rel=\"noreferrer noopener\">C&#8217;You Valerian Florina&#8217;s Diamonds<\/a> (pes, Faraonsk\u00fd pes)<\/li>\n\n\n\n<li><a href=\"https:\/\/cirneco.breedarchive.com\/animal\/view\/henri-dei-vignazzi-3a328f6c-a4ca-4eb6-a737-7e7995f6be86\" target=\"_blank\" rel=\"noreferrer noopener\">Henri dei Vignazzi<\/a> (pes, Sicilsk\u00fd chrt)<\/li>\n\n\n\n<li><a href=\"https:\/\/pharaohhound.breedarchive.com\/animal\/view\/red-callunas-close-to-the-flame-0059d21e-2d3f-423b-81e8-24a1d2ee5144\" target=\"_blank\" rel=\"noreferrer noopener\">Red Calluna&#8217;s Close to the Flame<\/a> (pes, Faraonsk\u00fd pes)<\/li>\n<\/ul>\n\n\n\n<p><strong>Rybn\u00ed\u010dek &#8211; 24.08.2024<\/strong> \/ \u0158eh\u00e1nek Petr (CZ)<\/p>\n\n\n\n<ul>\n<li><a href=\"https:\/\/pharaohhound.breedarchive.com\/animal\/view\/beloved-bond-florinas-diamonds-87d65740-240c-42be-a5cb-f7e7666109a6\" target=\"_blank\" rel=\"noreferrer noopener\">Beloved Bond Florina&#8217;s Diamonds<\/a> (pes, Faraonsk\u00fd pes)<\/li>\n\n\n\n<li><a href=\"https:\/\/ibizanhound.breedarchive.com\/animal\/view\/boston-de-cueva-des-culleram-5eb05803-1625-4dd7-be28-a16933a20803\" target=\"_blank\" rel=\"noreferrer noopener\">Boston De Cueva D&#8217;es Culleram<\/a> (pes, Ibizsk\u00fd Podenco)<\/li>\n\n\n\n<li><a href=\"https:\/\/pharaohhound.breedarchive.com\/animal\/view\/just-coffee-akasha-d1f04181-9086-4a33-b372-604fcbdccd46\" target=\"_blank\" rel=\"noreferrer noopener\">Just Coffee Akasha<\/a> (fena, Faraonsk\u00fd pes)<\/li>\n\n\n\n<li>Roby De Lancha Del Rayo (pes, Portugalsk\u00fd podengo st\u0159edn\u00ed, hrubosrst\u00fd)<\/li>\n<\/ul>\n\n\n\n<p><strong>Olomouc &#8211; Florinka 04.05.2024<\/strong> \/ Mudra Anton\u00edn (CZ)<\/p>\n\n\n\n<ul>\n<li><a href=\"https:\/\/ibizanhound.breedarchive.com\/animal\/view\/fenix-de-entresaltos-f41957e2-fe1b-4dc1-8cd0-16b5135ce109\" target=\"_blank\" rel=\"noreferrer noopener\">Fenix De Entresaltos<\/a> (pes, Ibizsk\u00fd podenco)<\/li>\n\n\n\n<li><a href=\"https:\/\/ibizanhound.breedarchive.com\/animal\/view\/galante-la-princesa-rosa-de-podi-51ac703a-0236-4447-818e-b6a620498d11\" target=\"_blank\" rel=\"noreferrer noopener\">Galante La Princesa Rosa de Podi<\/a> (pes, Ibizsk\u00fd podenco)<\/li>\n\n\n\n<li><a href=\"https:\/\/ibizanhound.breedarchive.com\/animal\/view\/gallardo-de-entresaltos-6d3d1ce4-9e8d-4312-8719-9d90aff9669b\" target=\"_blank\" rel=\"noreferrer noopener\">Gallardo De Entresaltos<\/a> (pes, Ibizsk\u00fd podenco)<\/li>\n\n\n\n<li><a href=\"https:\/\/ibizanhound.breedarchive.com\/animal\/view\/luna-iii-b7ff62bc-e2c8-4a92-ba63-55320bcc78e8\" target=\"_blank\" rel=\"noreferrer noopener\">Luna III<\/a> (fena, Ibizsk\u00fd podenco)<\/li>\n\n\n\n<li><a href=\"https:\/\/ibizanhound.breedarchive.com\/animal\/view\/primal-hounds-aalto-solace-of-kuraokami-4f2cdaa1-f087-41a6-bc64-7c0e062196a6\" target=\"_blank\" rel=\"noreferrer noopener\">Primal Hound&#8217;s Aalto Solace of Kuraokami<\/a> (pes, Ibizsk\u00fd podenco)<\/li>\n<\/ul>\n\n\n\n<p><strong>N\u00e1m\u011b\u0161\u0165 nad Oslavou 11.06.2023 <\/strong>\/ Bo\u017eena Ovesn\u00e1 (CZ)<\/p>\n\n\n\n<ul>\n<li><a href=\"https:\/\/pharaohhound.breedarchive.com\/animal\/view\/alexandra-ginger-dwarf-4af5c20e-20f1-45a6-8a31-1012a3d3a577\" target=\"_blank\" rel=\"noreferrer noopener\">Alexandra Ginger Dwarf<\/a>&nbsp;(faraonsk\u00fd pes, fena)<\/li>\n\n\n\n<li><a href=\"https:\/\/pharaohhound.breedarchive.com\/animal\/view\/amadeus-ginger-dwarf-f6bfd6df-3b31-4951-95a5-bf39acba9fdb\" target=\"_blank\" rel=\"noreferrer noopener\">Amadeus Ginger Dwarf<\/a>&nbsp;(faraonsk\u00fd pes, pes)<\/li>\n\n\n\n<li><a target=\"_blank\" href=\"https:\/\/pharaohhound.breedarchive.com\/animal\/view\/beauty-bonza-florinas-diamonds-be9fdb72-38a0-4ace-9f9b-1c95f4f0ac93\" rel=\"noreferrer noopener\">Beauty Bonza Florina&#8217;s Diamonds<\/a>&nbsp;(faraonsk\u00fd pes, fena)<\/li>\n\n\n\n<li><a href=\"https:\/\/pharaohhound.breedarchive.com\/animal\/view\/burning-sky-florinas-diamonds-76d4981c-3dd5-4e17-a4cd-0a7a305b5873\" target=\"_blank\" rel=\"noreferrer noopener\">Burning Sky Florina&#8217;s Diamonds<\/a>&nbsp;(faraonsk\u00fd pes, fena)<\/li>\n\n\n\n<li><a href=\"https:\/\/pharaohhound.breedarchive.com\/animal\/view\/celt-and-dac-sinuhe-f9905cc8-cac3-458b-85d7-691a0ec5a2d1\" target=\"_blank\" rel=\"noreferrer noopener\">Celt&#8216; and Dac Sinuh\u00e9<\/a>&nbsp;(faraonsk\u00fd pes, pes)<\/li>\n\n\n\n<li><a href=\"https:\/\/podengoportugues.breedarchive.com\/animal\/view\/hayley-farafra-8cd144d9-8743-4b2a-8908-69e0038b9faa\" target=\"_blank\" rel=\"noreferrer noopener\">Hayley Farafra<\/a> (portugalsk\u00fd podengo mal\u00fd, hladkosrst\u00fd, fena)<\/li>\n\n\n\n<li><a href=\"https:\/\/pharaohhound.breedarchive.com\/animal\/view\/osiris-next-level-superman-xo-e85ecaa2-676e-404a-9d48-b2d10a68b650\" target=\"_blank\" rel=\"noreferrer noopener\">Osiris Next Level Superman XO<\/a>&nbsp;(faraonsk\u00fd pes, pes)<\/li>\n<\/ul>\n\n\n\n<p><strong>Rybn\u00ed\u010dek 27.8.2022<\/strong> \/ Miklos Levente (HU)<\/p>\n\n\n\n<ul>\n<li><a href=\"https:\/\/pharaohhound.breedarchive.com\/animal\/view\/effie-tal-sannat-whispering-sand-a982ad6b-5d54-4eb6-bf4d-e74dad5ff8e0\" target=\"_blank\" rel=\"noreferrer noopener\">Effie Tal Sannat Whispering Sand<\/a> (faraonsk\u00fd pes, fena)<\/li>\n\n\n\n<li><a href=\"https:\/\/pharaohhound.breedarchive.com\/animal\/view\/farao-anubis-luna-1d341012-d564-4a99-a09e-0e47f47b1fed\" target=\"_blank\" rel=\"noreferrer noopener\">Farao Anubis Luna<\/a> (faraonsk\u00fd pes, fena)<\/li>\n<\/ul>\n\n\n\n<p><strong>Kol\u00edn 10.07.2021<\/strong> \/ Kristina Van\u00ed\u010dkov\u00e1 (CZ)<\/p>\n\n\n\n<ul>\n<li><a href=\"https:\/\/pharaohhound.breedarchive.com\/animal\/view\/calico-ninmah-wai-wad-f356cce5-19bb-4bc1-8cc1-882e893fde86\" target=\"_blank\" rel=\"noreferrer noopener\">Calico Ninmah Wai-Wad<\/a>&nbsp;(fena, faraonsk\u00fd pes)<\/li>\n\n\n\n<li><a href=\"https:\/\/ibizanhound.breedarchive.com\/animal\/view\/eryx-de-entresaltos-cd238e85-8816-48e0-8a8c-d1e083589df6\" target=\"_blank\" rel=\"noreferrer noopener\">Eryx de Entresaltos<\/a>&nbsp;(pes, ibizsk\u00fd podenco)<\/li>\n\n\n\n<li><a href=\"https:\/\/pharaohhound.breedarchive.com\/animal\/view\/litlars-niju-zhar-i-palmya-e1645693-ab56-435e-be11-0e9981ba4e0d\" target=\"_blank\" rel=\"noreferrer noopener\">Litlar&#8217;s Niju Zhar &amp; Plamya<\/a>&nbsp;(pes, faraonsk\u00fd pes)<\/li>\n<\/ul>\n\n\n\n<p><strong>Konopi\u0161t\u011b 12.09.2020<\/strong> \/ Mudra Anton\u00edn (CZ)<\/p>\n\n\n\n<ul>\n<li><a href=\"https:\/\/cirneco.breedarchive.com\/animal\/view\/ambrogino-miracolo-cani-di-luca-fd32bbc3-d272-4d3f-a5d1-342f5b0c2e76\" target=\"_blank\" rel=\"noreferrer noopener\">Ambrogino Miracolo Cani di Luca<\/a>&nbsp;(pes, sicilsk\u00fd chrt)<\/li>\n\n\n\n<li><a href=\"https:\/\/pharaohhound.breedarchive.com\/animal\/view\/anchesenamon-queen-florinas-diamonds-4735f122-ec82-4093-8bce-e06b66de7be1\" target=\"_blank\" rel=\"noreferrer noopener\">Anchesenamon Queen Florina&#8217;s Diamonds<\/a>&nbsp;(fena, faraonsk\u00fd pes)<\/li>\n\n\n\n<li><a href=\"https:\/\/cirneco.breedarchive.com\/animal\/view\/attilio-miracolo-cani-di-luca-5c3801f2-b6a2-410c-a4f7-07e87f1c1f86\" target=\"_blank\" rel=\"noreferrer noopener\">Attilio Miracolo Cani di Luca<\/a>&nbsp;(pes, sicilsk\u00fd chrt)<\/li>\n\n\n\n<li><a href=\"https:\/\/podengoportugues.breedarchive.com\/animal\/view\/touro-de-vale-de-fermedo-167c4d91-1f5a-4698-bc81-757f0eef1061\" target=\"_blank\" rel=\"noreferrer noopener\">Touro de Vale de Fermedo<\/a> (pes, portugalsk\u00fd podengo mal\u00fd, hladkosrst\u00fd)<\/li>\n<\/ul>\n\n\n\n<p><strong>Kol\u00edn 11.07.2020<\/strong> \/ Ing. Leo\u0161 Jan\u010d\u00edk (CZ)<\/p>\n\n\n\n<ul>\n<li><a href=\"https:\/\/pharaohhound.breedarchive.com\/animal\/view\/al-fawaris-farao-amet-7f8584f5-4dcd-4e89-9885-b3462dd69d69\" target=\"_blank\" rel=\"noreferrer noopener\">Al Fawaris Farao Amet<\/a>&nbsp;(pes, Faraonsk\u00fd pes)<\/li>\n\n\n\n<li><a href=\"https:\/\/pharaohhound.breedarchive.com\/animal\/view\/farao-anubis-aldebaran-a5d8b810-a7fe-476c-8254-94dfc7f87a8b\" target=\"_blank\" rel=\"noreferrer noopener\">Farao Anubis Aldebaran<\/a>&nbsp;(pes, Faraonsk\u00fd pes)<\/li>\n<\/ul>\n<\/div>\n\n\n\n<div class=\"wp-block-column is-layout-flow wp-block-column-is-layout-flow\" style=\"flex-basis:50%\">\n<p><strong>Standard jednotliv\u00fdch plemen + odkaz na chovatelsk\u00e9 datab\u00e1ze:<\/strong><\/p>\n\n\n\n<ul>\n<li><a href=\"https:\/\/faraonklub.cz\/wp-content\/uploads\/2025\/06\/Standart_c248_Faraonsky_pes_CZ.pdf\" target=\"_blank\" rel=\"noreferrer noopener\">Faraonsk\u00fd pes<\/a> (Pharaoh Hound, Kelb tal Fenek) \/\/ <a href=\"http:\/\/pharaohhound.breedarchive.com\/\" data-type=\"link\" data-id=\"http:\/\/pharaohhound.breedarchive.com\/\" target=\"_blank\" rel=\"noreferrer noopener\">Breed Archiv<\/a><\/li>\n\n\n\n<li><a href=\"https:\/\/faraonklub.cz\/wp-content\/uploads\/2025\/06\/Standart_c89_Ibizsky_Podenco_CZ.pdf\" target=\"_blank\" rel=\"noreferrer noopener\">Ibizsk\u00fd podenco<\/a> (Podenco Ibicenco) \/\/ <a href=\"https:\/\/ibizanhound.breedarchive.com\/home\/index\" data-type=\"link\" data-id=\"https:\/\/ibizanhound.breedarchive.com\/home\/index\" target=\"_blank\" rel=\"noreferrer noopener\">Breed Archiv<\/a><\/li>\n\n\n\n<li><a href=\"https:\/\/faraonklub.cz\/wp-content\/uploads\/2024\/03\/standard.kanarsky.podengo.329.pdf\" data-type=\"attachment\" data-id=\"735\" target=\"_blank\" rel=\"noreferrer noopener\"><\/a><a href=\"https:\/\/faraonklub.cz\/wp-content\/uploads\/2025\/06\/Standart_c329_Kanarsky_Podenco_CZ.pdf\" target=\"_blank\" rel=\"noreferrer noopener\">Kan\u00e1rsk\u00fd podenco<\/a> (Podenco Canario) \/\/ Breed Archiv<\/li>\n\n\n\n<li><a href=\"https:\/\/faraonklub.cz\/wp-content\/uploads\/2024\/03\/standard.portugalsky.podengo.094.pdf\" data-type=\"attachment\" data-id=\"737\" target=\"_blank\" rel=\"noreferrer noopener\"><\/a><a href=\"https:\/\/faraonklub.cz\/wp-content\/uploads\/2025\/06\/Standart_c94_Portugalsky_Podengo_CZ.pdf\" target=\"_blank\" rel=\"noreferrer noopener\">Portugalsk\u00fd podengo<\/a> (Podengo Portugues) \/\/ <a href=\"https:\/\/podengoportugues.breedarchive.com\/home\/index\" data-type=\"link\" data-id=\"https:\/\/podengoportugues.breedarchive.com\/home\/index\" target=\"_blank\" rel=\"noreferrer noopener\">Breed Archiv<\/a><\/li>\n\n\n\n<li><a href=\"https:\/\/faraonklub.cz\/wp-content\/uploads\/2025\/06\/Standart_c199_Sicilsky_chrt_CZ.pdf\" target=\"_blank\" rel=\"noreferrer noopener\">Sicilsk\u00fd chrt<\/a> (Cirneco dell&#8217;Etna) \/\/ <a href=\"https:\/\/cirneco.breedarchive.com\/home\/index\" data-type=\"link\" data-id=\"https:\/\/cirneco.breedarchive.com\/home\/index\" target=\"_blank\" rel=\"noreferrer noopener\">Breed Archiv<\/a><\/li>\n<\/ul>\n\n\n\n<figure data-wp-context=\"{ &quot;core&quot;:\n\t\t\t\t{ &quot;image&quot;:\n\t\t\t\t\t{   &quot;imageLoaded&quot;: false,\n\t\t\t\t\t\t&quot;initialized&quot;: false,\n\t\t\t\t\t\t&quot;lightboxEnabled&quot;: false,\n\t\t\t\t\t\t&quot;hideAnimationEnabled&quot;: false,\n\t\t\t\t\t\t&quot;preloadInitialized&quot;: false,\n\t\t\t\t\t\t&quot;lightboxAnimation&quot;: &quot;zoom&quot;,\n\t\t\t\t\t\t&quot;imageUploadedSrc&quot;: &quot;https:\/\/faraonklub.cz\/wp-content\/uploads\/2024\/03\/sarmi.jpg&quot;,\n\t\t\t\t\t\t&quot;imageCurrentSrc&quot;: &quot;&quot;,\n\t\t\t\t\t\t&quot;targetWidth&quot;: &quot;1080&quot;,\n\t\t\t\t\t\t&quot;targetHeight&quot;: &quot;1680&quot;,\n\t\t\t\t\t\t&quot;scaleAttr&quot;: &quot;&quot;,\n\t\t\t\t\t\t&quot;dialogLabel&quot;: &quot;Zv\u011bt\u0161en\u00fd obr\u00e1zek&quot;\n\t\t\t\t\t}\n\t\t\t\t}\n\t\t\t}\" data-wp-interactive class=\"wp-block-image size-large wp-lightbox-container\"><img loading=\"lazy\" decoding=\"async\" width=\"658\" height=\"1024\" data-wp-effect--setStylesOnResize=\"effects.core.image.setStylesOnResize\" data-wp-effect=\"effects.core.image.setButtonStyles\" data-wp-init=\"effects.core.image.initOriginImage\" data-wp-on--click=\"actions.core.image.showLightbox\" data-wp-on--load=\"actions.core.image.handleLoad\" src=\"https:\/\/faraonklub.cz\/wp-content\/uploads\/2024\/03\/sarmi-658x1024.jpg\" alt=\"\" class=\"wp-image-661\" srcset=\"https:\/\/faraonklub.cz\/wp-content\/uploads\/2024\/03\/sarmi-658x1024.jpg 658w, https:\/\/faraonklub.cz\/wp-content\/uploads\/2024\/03\/sarmi-193x300.jpg 193w, https:\/\/faraonklub.cz\/wp-content\/uploads\/2024\/03\/sarmi-768x1195.jpg 768w, https:\/\/faraonklub.cz\/wp-content\/uploads\/2024\/03\/sarmi-987x1536.jpg 987w, https:\/\/faraonklub.cz\/wp-content\/uploads\/2024\/03\/sarmi.jpg 1080w\" sizes=\"(max-width: 658px) 100vw, 658px\" \/><button\n\t\t\tclass=\"lightbox-trigger\"\n\t\t\ttype=\"button\"\n\t\t\taria-haspopup=\"dialog\"\n\t\t\taria-label=\"Zv\u011bt\u0161it obr\u00e1zek\"\n\t\t\tdata-wp-on--click=\"actions.core.image.showLightbox\"\n\t\t\tdata-wp-style--right=\"context.core.image.imageButtonRight\"\n\t\t\tdata-wp-style--top=\"context.core.image.imageButtonTop\"\n\t\t>\n\t\t\t<svg xmlns=\"http:\/\/www.w3.org\/2000\/svg\" width=\"12\" height=\"12\" fill=\"none\" viewBox=\"0 0 12 12\">\n\t\t\t\t<path fill=\"#fff\" d=\"M2 0a2 2 0 0 0-2 2v2h1.5V2a.5.5 0 0 1 .5-.5h2V0H2Zm2 10.5H2a.5.5 0 0 1-.5-.5V8H0v2a2 2 0 0 0 2 2h2v-1.5ZM8 12v-1.5h2a.5.5 0 0 0 .5-.5V8H12v2a2 2 0 0 1-2 2H8Zm2-12a2 2 0 0 1 2 2v2h-1.5V2a.5.5 0 0 0-.5-.5H8V0h2Z\" \/>\n\t\t\t<\/svg>\n\t\t<\/button><figcaption class=\"wp-element-caption\">Red Calluna&#8217;s Close to the Flame<\/figcaption>        <div data-wp-body=\"\" class=\"wp-lightbox-overlay zoom\"\n            data-wp-bind--role=\"selectors.core.image.roleAttribute\"\n            data-wp-bind--aria-label=\"selectors.core.image.dialogLabel\"\n            data-wp-class--initialized=\"context.core.image.initialized\"\n            data-wp-class--active=\"context.core.image.lightboxEnabled\"\n            data-wp-class--hideAnimationEnabled=\"context.core.image.hideAnimationEnabled\"\n            data-wp-bind--aria-modal=\"selectors.core.image.ariaModal\"\n            data-wp-effect=\"effects.core.image.initLightbox\"\n            data-wp-on--keydown=\"actions.core.image.handleKeydown\"\n            data-wp-on--touchstart=\"actions.core.image.handleTouchStart\"\n            data-wp-on--touchmove=\"actions.core.image.handleTouchMove\"\n            data-wp-on--touchend=\"actions.core.image.handleTouchEnd\"\n            data-wp-on--click=\"actions.core.image.hideLightbox\"\n            tabindex=\"-1\"\n            >\n                <button type=\"button\" aria-label=\"Zav\u0159\u00edt\" style=\"fill: #000\" class=\"close-button\" data-wp-on--click=\"actions.core.image.hideLightbox\">\n                    <svg xmlns=\"http:\/\/www.w3.org\/2000\/svg\" viewBox=\"0 0 24 24\" width=\"20\" height=\"20\" aria-hidden=\"true\" focusable=\"false\"><path d=\"M13 11.8l6.1-6.3-1-1-6.1 6.2-6.1-6.2-1 1 6.1 6.3-6.5 6.7 1 1 6.5-6.6 6.5 6.6 1-1z\"><\/path><\/svg>\n                <\/button>\n                <div class=\"lightbox-image-container\">\n<figure class=\"wp-block-image size-large responsive-image\"><img decoding=\"async\" data-wp-bind--src=\"context.core.image.imageCurrentSrc\" data-wp-style--object-fit=\"selectors.core.image.lightboxObjectFit\" src=\"\" alt=\"\" class=\"wp-image-661\"\/><figcaption class=\"wp-element-caption\">Red Calluna&#8217;s Close to the Flame<\/figcaption><\/figure>\n<\/div>\n                <div class=\"lightbox-image-container\">\n<figure class=\"wp-block-image size-large enlarged-image\"><img decoding=\"async\" data-wp-bind--src=\"selectors.core.image.enlargedImgSrc\" data-wp-style--object-fit=\"selectors.core.image.lightboxObjectFit\" src=\"\" alt=\"\" class=\"wp-image-661\"\/><figcaption class=\"wp-element-caption\">Red Calluna&#8217;s Close to the Flame<\/figcaption><\/figure>\n<\/div>\n                <div class=\"scrim\" style=\"background-color: #fff\" aria-hidden=\"true\"><\/div>\n        <\/div><\/figure>\n<\/div>\n<\/div>\n","protected":false},"excerpt":{"rendered":"<p>Netolice &#8211; 28.09.2025 \/ Dr. Otto Schimpf (AT) Rybn\u00ed\u010dek &#8211; 31.05.2025 \/ Mudra Anton\u00edn (CZ) Rybn\u00ed\u010dek &#8211; 24.08.2024 \/ \u0158eh\u00e1nek Petr (CZ) Olomouc &#8211; Florinka 04.05.2024 \/ Mudra Anton\u00edn (CZ) &#8230;<\/p>\n","protected":false},"author":1,"featured_media":0,"parent":0,"menu_order":0,"comment_status":"closed","ping_status":"closed","template":"","meta":{"footnotes":"","_links_to":"","_links_to_target":""},"_links":{"self":[{"href":"https:\/\/faraonklub.cz\/index.php\/wp-json\/wp\/v2\/pages\/446"}],"collection":[{"href":"https:\/\/faraonklub.cz\/index.php\/wp-json\/wp\/v2\/pages"}],"about":[{"href":"https:\/\/faraonklub.cz\/index.php\/wp-json\/wp\/v2\/types\/page"}],"author":[{"embeddable":true,"href":"https:\/\/faraonklub.cz\/index.php\/wp-json\/wp\/v2\/users\/1"}],"replies":[{"embeddable":true,"href":"https:\/\/faraonklub.cz\/index.php\/wp-json\/wp\/v2\/comments?post=446"}],"version-history":[{"count":40,"href":"https:\/\/faraonklub.cz\/index.php\/wp-json\/wp\/v2\/pages\/446\/revisions"}],"predecessor-version":[{"id":4195,"href":"https:\/\/faraonklub.cz\/index.php\/wp-json\/wp\/v2\/pages\/446\/revisions\/4195"}],"wp:attachment":[{"href":"https:\/\/faraonklub.cz\/index.php\/wp-json\/wp\/v2\/media?parent=446"}],"curies":[{"name":"wp","href":"https:\/\/api.w.org\/{rel}","templated":true}]}}