{"id":623,"date":"2024-03-01T23:15:07","date_gmt":"2024-03-01T22:15:07","guid":{"rendered":"https:\/\/test.faraonklub.cz\/?page_id=623"},"modified":"2025-08-20T17:15:29","modified_gmt":"2025-08-20T15:15:29","slug":"klub-faraonskych-psu-kfp","status":"publish","type":"page","link":"https:\/\/faraonklub.cz\/index.php\/klub-faraonskych-psu-kfp\/","title":{"rendered":"Klub faraonsk\u00fdch ps\u016f, z.s. (KFP)"},"content":{"rendered":"\n<div class=\"wp-block-columns is-layout-flex wp-container-core-columns-layout-1 wp-block-columns-is-layout-flex\">\n<div class=\"wp-block-column is-layout-flow wp-block-column-is-layout-flow\" style=\"flex-basis:66.66%\">\n<p class=\"has-text-align-center\"><strong>Plemena v klubu zast\u0159e\u0161ena:<\/strong><br>FCI V. \u0160picov\u00e9 a primitivn\u00ed plemena<strong><br><\/strong><a href=\"https:\/\/faraonklub.cz\/wp-content\/uploads\/2025\/06\/Standart_c248_Faraonsky_pes_CZ.pdf\" target=\"_blank\" rel=\"noreferrer noopener\">Faraonsk\u00fd pes<\/a>,&nbsp;<a href=\"https:\/\/faraonklub.cz\/wp-content\/uploads\/2025\/06\/Standart_c89_Ibizsky_Podenco_CZ.pdf\" target=\"_blank\" rel=\"noreferrer noopener\">Ibizsk\u00fd podenco<\/a>,&nbsp;<a href=\"https:\/\/faraonklub.cz\/wp-content\/uploads\/2025\/06\/Standart_c329_Kanarsky_Podenco_CZ.pdf\" target=\"_blank\" rel=\"noreferrer noopener\">Kan\u00e1rsk\u00fd podenco<\/a>,&nbsp;<a href=\"https:\/\/faraonklub.cz\/wp-content\/uploads\/2025\/06\/Standart_c94_Portugalsky_Podengo_CZ.pdf\" target=\"_blank\" rel=\"noreferrer noopener\">Portugalsk\u00fd podengo<\/a>&nbsp;a&nbsp;<a href=\"https:\/\/faraonklub.cz\/wp-content\/uploads\/2025\/06\/Standart_c199_Sicilsky_chrt_CZ.pdf\" target=\"_blank\" rel=\"noreferrer noopener\">Sicilsk\u00fd chrt<\/a><\/p>\n\n\n\n<p class=\"has-text-align-center\"><strong>s\u00eddlo klubu<\/strong>: KFP z.s., Nov\u00e1 Ves 96, 277 52 Nov\u00e1 Ves u M\u011bln\u00edka<br>I\u010c: 70855064<\/p>\n\n\n\n<p class=\"has-text-align-center\"><strong>\u010c\u00edslo \u00fa\u010dtu<\/strong>: 2601702074\/2010<br><strong>N\u00e1zev Banky<\/strong>: Fio Banka<\/p>\n\n\n\n<hr class=\"wp-block-separator has-alpha-channel-opacity\"\/>\n\n\n\n<p class=\"has-text-align-center\"><strong>KFP spad\u00e1 pod&nbsp;<a href=\"http:\/\/www.cmkj.eu\/\" target=\"_blank\" rel=\"noreferrer noopener\">\u010cMKJ<\/a>, pan\u00ed Somolov\u00e1 Lucie<\/strong><br>e-mail: somolova@cmkj.info<br>(hl\u00e1\u0161en\u00ed vrh\u016f, export, import, p\u0159eregistrace, atp.)<br>Le\u0161ansk\u00e1 1176\/2a, 141 00 Praha 4-Chodov<br>tel.: 725 935 130<\/p>\n\n\n\n<p class=\"has-text-align-center\"><strong>\u00da\u0159edn\u00ed hodiny<\/strong>: <strong>\u00fater\u00fd a \u010dtvrtek<\/strong><br>od 8.00 &#8211; 12.00 hodin<br>od 12.45 &#8211; 15.00 hodin<\/p>\n\n\n\n<div style=\"height:28px\" aria-hidden=\"true\" class=\"wp-block-spacer\"><\/div>\n\n\n\n<hr class=\"wp-block-separator has-alpha-channel-opacity is-style-wide\"\/>\n\n\n\n<p class=\"has-medium-font-size\"><br><strong>Kontakty<\/strong><\/p>\n\n\n\n<p><strong>V\u00ddBOR KLUBU FARAONSK\u00ddCH PS\u016e<\/strong><\/p>\n\n\n\n<ul>\n<li><em><strong>P\u0159edseda<\/strong><\/em>: Ilona Pachtov\u00e1, tel: +420 603 460 966, e-mail: faraonklub@seznam.cz, ilionorax@seznam.cz<\/li>\n\n\n\n<li><em><strong>Jednatel<\/strong><\/em>: Marcel Byrtus, tel: +420 725 078 966, e-mail: mar.byrtus@seznam.cz<\/li>\n\n\n\n<li><em><strong>Pokladn\u00edk<\/strong><\/em>: Jolana Janouchov\u00e1, e-mail: jolana.jan@seznam.cz<\/li>\n\n\n\n<li><em><strong>\u010clen<\/strong><\/em>: Florine Nguyenov\u00e1, e-mail: florin@email.cz<\/li>\n\n\n\n<li><em><strong>\u010clen<\/strong><\/em>: Ad\u00e9la \u010cerno\u0161kov\u00e1, tel: +420 774 871 765, e-mail: elnegma@elnegma.com<\/li>\n<\/ul>\n\n\n\n<p><strong>KONTROLN\u00cd A REVIZN\u00cd KOMISE KFP<\/strong><\/p>\n\n\n\n<ul>\n<li><strong><em>P\u0159edseda KRK<\/em><\/strong>: Ing. Jana Kydalov\u00e1, tel: +420 608 622 139, e-mail: kydalova@seznam.cz<\/li>\n\n\n\n<li><em><strong>\u010clen<\/strong><\/em>: Veronika Kone\u010dn\u00e1, tel: +420 777 008 278, e-mail: veronikakonecna@post.cz<\/li>\n\n\n\n<li><em><strong>\u010clen<\/strong><\/em>: Veronika \u0160ejcov\u00e1, tel: +420 721 850 376, e-mail: nika.sejc@gmail.com<\/li>\n<\/ul>\n\n\n\n<p><strong>PORADCI CHOVU, CHOVATELSK\u00c1 KOMISE<\/strong><\/p>\n\n\n\n<ul>\n<li><strong><em>Region \u010cechy<\/em><\/strong>: Florine Nguyenov\u00e1, e-mail: florin@email.cz<\/li>\n\n\n\n<li><strong><em>Region Morava<\/em><\/strong>: Ad\u00e9la \u010cerno\u0161kov\u00e1, tel: +420 774 871 765, e-mail: elnegma@elnegma.com<\/li>\n\n\n\n<li><strong><em>\u010clen chovatelsk\u00e9 komise<\/em><\/strong>: Jitka Kutiov\u00e1, e-mail: jitka.kutiova@seznam.cz<\/li>\n<\/ul>\n\n\n\n<p><strong>KLUBOV\u00dd WEB<\/strong><\/p>\n\n\n\n<ul>\n<li>Kazm\u011br\u010d\u00edkov\u00e1 Denisa, informace a p\u0159\u00edsp\u011bvky zas\u00edlejte na: talsannat@gmail.com, nebo faraonklub@seznam.cz<br><\/li>\n<\/ul>\n\n\n\n<div style=\"height:29px\" aria-hidden=\"true\" class=\"wp-block-spacer\"><\/div>\n\n\n\n<hr class=\"wp-block-separator has-alpha-channel-opacity is-style-wide\"\/>\n\n\n\n<p class=\"has-medium-font-size\"><br><strong>PLATBY<\/strong><\/p>\n\n\n\n<p class=\"has-text-align-center\"><strong>\u010c\u00edslo \u00fa\u010dtu<\/strong>: 2601702074\/2010<br><strong>N\u00e1zev Banky<\/strong>: Fio Banka<\/p>\n\n\n\n<p class=\"has-text-align-center\">Pro platbu&nbsp;<strong>po\u0161tovn\u00ed pouk\u00e1zkou \u201cA\u201d&nbsp;<\/strong>je adresa majitele \u00fa\u010dtu:<br>KFP z.s., Nov\u00e1 Ves 96, 277 52 Nov\u00e1 Ves u M\u011bln\u00edka<\/p>\n\n\n\n<p class=\"has-text-align-center\">\u010c\u00edslo \u00fa\u010dtu pro zahrani\u010dn\u00ed vystavovatele<br><strong>Account number for foreign exhibitors<br>Die kontonummer f\u00fcr die Auslandsaussteller:<br><\/strong>BIC\/SWIFT: FIOBCZPPXXX<br>IBAN: CZ38 2010 0000 0026 0170 2074<\/p>\n\n\n\n<div style=\"height:28px\" aria-hidden=\"true\" class=\"wp-block-spacer\"><\/div>\n\n\n\n<p><strong>Variabiln\u00ed symboly a v\u00fd\u0161e poplatk\u016f:<\/strong><\/p>\n\n\n\n<ul>\n<li>001 \u2013 \u010clensk\u00fd poplatek a z\u00e1pisn\u00e9<br><em>\u2013 pro st\u00e1vaj\u00edc\u00ed \u010dleny 700,- K\u010d \/ hrad\u00ed se KA\u017dDORO\u010cN\u011a do 20.1.<br>\u2013 nov\u00ed \u010dlenov\u00e9 800,- K\u010d (700,- K\u010d \u010dlensk\u00e9 + 100,- K\u010d z\u00e1pisn\u00e9)<\/em><\/li>\n\n\n\n<li>002 \u2013 Diplom Klubov\u00fd \u0161ampion (50,- K\u010d)<\/li>\n\n\n\n<li>003 \u2013 Vystaven\u00ed Kryc\u00edho listu<br><em>\u2013 pro \u010dleny KFP 500,- K\u010d<br>\u2013 pro ne\u010dleny KFP 750,- K\u010d<\/em><\/li>\n\n\n\n<li>004 \u2013 Poplatek za (pou\u017eit\u00ed) kryc\u00edho psa<br><em>\u2013 pro \u010dleny KFP 500,- K\u010d<br>\u2013 pro ne\u010dleny KFP 750,- K\u010d<\/em><\/li>\n\n\n\n<li>005 \u2013 Poplatek za kontrolu vrhu<br><em>\u2013 pro \u010dleny KFP 300,- K\u010d + cestovn\u00ed v\u00fdlohy (cestovn\u00e9 plat\u00ed chovatel dle obecn\u011b platn\u00fdch p\u0159edpis\u016f pro n\u00e1hradu cestovn\u00edch v\u00fdloh osobn\u00edm autem)<br>\u2013 pro ne\u010dleny KFP 450,- K\u010d + cestovn\u00fd v\u00fdlohy<\/em><\/li>\n\n\n\n<li>006 \u2013 Bonita\u010dn\u00ed poplatek<br><em>\u2013 pro \u010dleny KFP 1000,- K\u010d<br>\u2013 pro ne\u010dleny KFP 1500,- K\u010d<\/em><\/li>\n\n\n\n<li>007 \u2013 Inzerce na webu KFP<br><em>\u2013 pro \u010dleny KFP zdarma<br>\u2013 pro ne\u010dleny 500,- K\u010d (potvrzen\u00ed o zaplacen\u00ed spolu s inzer\u00e1tem, zas\u00edlejte pros\u00edm na webmastera klubov\u00e9ho webu:&nbsp;<\/em>e-mail: talsannat@gmail.com)<\/li>\n\n\n\n<li>008 \u2013 Pokuty a pen\u00e1le<\/li>\n\n\n\n<li>009 \u2013 V\u00fdstavn\u00ed poplatky, startovn\u00e9 a ostatn\u00ed platby<\/li>\n\n\n\n<li>20xx (p\u0159\u00edslu\u0161n\u00fd letopo\u010det) \u2013 Sponzorsk\u00e9 dary<\/li>\n<\/ul>\n<\/div>\n\n\n\n<div class=\"wp-block-column is-layout-flow wp-block-column-is-layout-flow\" style=\"flex-basis:33.33%\">\n<figure data-wp-context=\"{ &quot;core&quot;:\n\t\t\t\t{ &quot;image&quot;:\n\t\t\t\t\t{   &quot;imageLoaded&quot;: false,\n\t\t\t\t\t\t&quot;initialized&quot;: false,\n\t\t\t\t\t\t&quot;lightboxEnabled&quot;: false,\n\t\t\t\t\t\t&quot;hideAnimationEnabled&quot;: false,\n\t\t\t\t\t\t&quot;preloadInitialized&quot;: false,\n\t\t\t\t\t\t&quot;lightboxAnimation&quot;: &quot;zoom&quot;,\n\t\t\t\t\t\t&quot;imageUploadedSrc&quot;: &quot;https:\/\/faraonklub.cz\/wp-content\/uploads\/2024\/03\/adore-calypso-fd.jpg&quot;,\n\t\t\t\t\t\t&quot;imageCurrentSrc&quot;: &quot;&quot;,\n\t\t\t\t\t\t&quot;targetWidth&quot;: &quot;1080&quot;,\n\t\t\t\t\t\t&quot;targetHeight&quot;: &quot;1080&quot;,\n\t\t\t\t\t\t&quot;scaleAttr&quot;: &quot;&quot;,\n\t\t\t\t\t\t&quot;dialogLabel&quot;: &quot;Zv\u011bt\u0161en\u00fd obr\u00e1zek&quot;\n\t\t\t\t\t}\n\t\t\t\t}\n\t\t\t}\" data-wp-interactive class=\"wp-block-image size-large wp-lightbox-container\"><img loading=\"lazy\" decoding=\"async\" width=\"1024\" height=\"1024\" data-wp-effect--setStylesOnResize=\"effects.core.image.setStylesOnResize\" data-wp-effect=\"effects.core.image.setButtonStyles\" data-wp-init=\"effects.core.image.initOriginImage\" data-wp-on--click=\"actions.core.image.showLightbox\" data-wp-on--load=\"actions.core.image.handleLoad\" src=\"https:\/\/faraonklub.cz\/wp-content\/uploads\/2024\/03\/adore-calypso-fd-1024x1024.jpg\" alt=\"\" class=\"wp-image-793\" srcset=\"https:\/\/faraonklub.cz\/wp-content\/uploads\/2024\/03\/adore-calypso-fd-1024x1024.jpg 1024w, https:\/\/faraonklub.cz\/wp-content\/uploads\/2024\/03\/adore-calypso-fd-300x300.jpg 300w, https:\/\/faraonklub.cz\/wp-content\/uploads\/2024\/03\/adore-calypso-fd-150x150.jpg 150w, https:\/\/faraonklub.cz\/wp-content\/uploads\/2024\/03\/adore-calypso-fd-768x768.jpg 768w, https:\/\/faraonklub.cz\/wp-content\/uploads\/2024\/03\/adore-calypso-fd.jpg 1080w\" sizes=\"(max-width: 1024px) 100vw, 1024px\" \/><button\n\t\t\tclass=\"lightbox-trigger\"\n\t\t\ttype=\"button\"\n\t\t\taria-haspopup=\"dialog\"\n\t\t\taria-label=\"Zv\u011bt\u0161it obr\u00e1zek\"\n\t\t\tdata-wp-on--click=\"actions.core.image.showLightbox\"\n\t\t\tdata-wp-style--right=\"context.core.image.imageButtonRight\"\n\t\t\tdata-wp-style--top=\"context.core.image.imageButtonTop\"\n\t\t>\n\t\t\t<svg xmlns=\"http:\/\/www.w3.org\/2000\/svg\" width=\"12\" height=\"12\" fill=\"none\" viewBox=\"0 0 12 12\">\n\t\t\t\t<path fill=\"#fff\" d=\"M2 0a2 2 0 0 0-2 2v2h1.5V2a.5.5 0 0 1 .5-.5h2V0H2Zm2 10.5H2a.5.5 0 0 1-.5-.5V8H0v2a2 2 0 0 0 2 2h2v-1.5ZM8 12v-1.5h2a.5.5 0 0 0 .5-.5V8H12v2a2 2 0 0 1-2 2H8Zm2-12a2 2 0 0 1 2 2v2h-1.5V2a.5.5 0 0 0-.5-.5H8V0h2Z\" \/>\n\t\t\t<\/svg>\n\t\t<\/button><figcaption class=\"wp-element-caption\">ADORE CALYPSO Florina&#8217;s Diamonds 6 y.o. &amp;<br>CRYSTAL BLOSSOM Florina&#8217;s Diamonds 4 m<\/figcaption>        <div data-wp-body=\"\" class=\"wp-lightbox-overlay zoom\"\n            data-wp-bind--role=\"selectors.core.image.roleAttribute\"\n            data-wp-bind--aria-label=\"selectors.core.image.dialogLabel\"\n            data-wp-class--initialized=\"context.core.image.initialized\"\n            data-wp-class--active=\"context.core.image.lightboxEnabled\"\n            data-wp-class--hideAnimationEnabled=\"context.core.image.hideAnimationEnabled\"\n            data-wp-bind--aria-modal=\"selectors.core.image.ariaModal\"\n            data-wp-effect=\"effects.core.image.initLightbox\"\n            data-wp-on--keydown=\"actions.core.image.handleKeydown\"\n            data-wp-on--touchstart=\"actions.core.image.handleTouchStart\"\n            data-wp-on--touchmove=\"actions.core.image.handleTouchMove\"\n            data-wp-on--touchend=\"actions.core.image.handleTouchEnd\"\n            data-wp-on--click=\"actions.core.image.hideLightbox\"\n            tabindex=\"-1\"\n            >\n                <button type=\"button\" aria-label=\"Zav\u0159\u00edt\" style=\"fill: #000\" class=\"close-button\" data-wp-on--click=\"actions.core.image.hideLightbox\">\n                    <svg xmlns=\"http:\/\/www.w3.org\/2000\/svg\" viewBox=\"0 0 24 24\" width=\"20\" height=\"20\" aria-hidden=\"true\" focusable=\"false\"><path d=\"M13 11.8l6.1-6.3-1-1-6.1 6.2-6.1-6.2-1 1 6.1 6.3-6.5 6.7 1 1 6.5-6.6 6.5 6.6 1-1z\"><\/path><\/svg>\n                <\/button>\n                <div class=\"lightbox-image-container\">\n<figure class=\"wp-block-image size-large responsive-image\"><img decoding=\"async\" data-wp-bind--src=\"context.core.image.imageCurrentSrc\" data-wp-style--object-fit=\"selectors.core.image.lightboxObjectFit\" src=\"\" alt=\"\" class=\"wp-image-793\"\/><figcaption class=\"wp-element-caption\">ADORE CALYPSO Florina&#8217;s Diamonds 6 y.o. &amp;<br>CRYSTAL BLOSSOM Florina&#8217;s Diamonds 4 m<\/figcaption><\/figure>\n<\/div>\n                <div class=\"lightbox-image-container\">\n<figure class=\"wp-block-image size-large enlarged-image\"><img decoding=\"async\" data-wp-bind--src=\"selectors.core.image.enlargedImgSrc\" data-wp-style--object-fit=\"selectors.core.image.lightboxObjectFit\" src=\"\" alt=\"\" class=\"wp-image-793\"\/><figcaption class=\"wp-element-caption\">ADORE CALYPSO Florina&#8217;s Diamonds 6 y.o. &amp;<br>CRYSTAL BLOSSOM Florina&#8217;s Diamonds 4 m<\/figcaption><\/figure>\n<\/div>\n                <div class=\"scrim\" style=\"background-color: #fff\" aria-hidden=\"true\"><\/div>\n        <\/div><\/figure>\n\n\n\n<hr class=\"wp-block-separator has-alpha-channel-opacity is-style-dots\"\/>\n\n\n\n<ul>\n<li><a href=\"https:\/\/faraonklub.cz\/index.php\/historie-klubu\/\" data-type=\"page\" data-id=\"396\">Historie klubu<\/a><\/li>\n\n\n\n<li><em>Standard jednotliv\u00fdch plemen:<\/em><br><a href=\"https:\/\/faraonklub.cz\/wp-content\/uploads\/2025\/06\/Standart_c248_Faraonsky_pes_CZ.pdf\" target=\"_blank\" rel=\"noreferrer noopener\">Faraonsk\u00fd pes<\/a>,&nbsp;<a href=\"https:\/\/faraonklub.cz\/wp-content\/uploads\/2025\/06\/Standart_c89_Ibizsky_Podenco_CZ.pdf\" target=\"_blank\" rel=\"noreferrer noopener\">Ibizsk\u00fd podenco<\/a>,&nbsp;<a href=\"https:\/\/faraonklub.cz\/wp-content\/uploads\/2025\/06\/Standart_c329_Kanarsky_Podenco_CZ.pdf\" target=\"_blank\" rel=\"noreferrer noopener\">Kan\u00e1rsk\u00fd podenco<\/a>,&nbsp;<a href=\"https:\/\/faraonklub.cz\/wp-content\/uploads\/2025\/06\/Standart_c94_Portugalsky_Podengo_CZ.pdf\" target=\"_blank\" rel=\"noreferrer noopener\">Portugalsk\u00fd podengo<\/a>&nbsp;a&nbsp;<a href=\"https:\/\/faraonklub.cz\/wp-content\/uploads\/2025\/06\/Standart_c199_Sicilsky_chrt_CZ.pdf\" target=\"_blank\" rel=\"noreferrer noopener\">Sicilsk\u00fd chrt<\/a><\/li>\n\n\n\n<li><a href=\"https:\/\/faraonklub.cz\/index.php\/clenove-kfp-2025\/\" data-type=\"page\" data-id=\"238\">\u010clenov\u00e9 klubu<\/a><\/li>\n\n\n\n<li>Poplatky + Variabiln\u00ed symboly pro platby KFP<\/li>\n<\/ul>\n\n\n\n<p class=\"has-medium-font-size\"><br>Dokumenty:<\/p>\n\n\n\n<ul>\n<li><a href=\"https:\/\/faraonklub.cz\/wp-content\/uploads\/2025\/06\/StanovyKFP25.pdf\" target=\"_blank\" rel=\"noreferrer noopener\">Stanovy Klubu faraonsk\u00fdch ps\u016f<\/a><\/li>\n\n\n\n<li><a href=\"https:\/\/faraonklub.cz\/wp-content\/uploads\/2025\/06\/smernice_KFP_.pdf\" target=\"_blank\" rel=\"noreferrer noopener\">Sm\u011brnice pro chov<\/a><\/li>\n\n\n\n<li><a href=\"http:\/\/www.cmku.cz\/\" target=\"_blank\" rel=\"noreferrer noopener\">V\u00fdstavn\u00ed, sportovn\u00ed \u0159\u00e1d<\/a><\/li>\n<\/ul>\n\n\n\n<p class=\"has-medium-font-size\"><br>P\u0159ihl\u00e1\u0161ky a formul\u00e1\u0159e:<\/p>\n\n\n\n<ul>\n<li>P\u0159ihl\u00e1\u0161ka do Klubu faraonsk\u00fdch ps\u016f \/&nbsp;<a href=\"https:\/\/faraonklub.cz\/wp-content\/uploads\/2024\/03\/prihlaska-faraonklub.pdf\" target=\"_blank\" rel=\"noreferrer noopener\">PDF<\/a>,&nbsp;<a href=\"https:\/\/faraonklub.cz\/wp-content\/uploads\/2024\/03\/prihlaska-faraonklub.doc\" target=\"_blank\" rel=\"noreferrer noopener\">doc<\/a><\/li>\n\n\n\n<li>Bonita\u010dn\u00ed p\u0159ihl\u00e1\u0161ka&nbsp;(univerz\u00e1ln\u00ed) \/&nbsp;<a href=\"https:\/\/faraonklub.cz\/wp-content\/uploads\/2024\/03\/prihlaska-na-bonitaci-V-1.pdf\" target=\"_blank\" rel=\"noreferrer noopener\">PDF<\/a>,&nbsp;<a href=\"https:\/\/faraonklub.cz\/wp-content\/uploads\/2024\/03\/prihlaska-na-bonitaci-V.doc\" target=\"_blank\" rel=\"noreferrer noopener\">doc<\/a><\/li>\n\n\n\n<li>P\u0159ihl\u00e1\u0161ka na sout\u011b\u017e \u2013&nbsp;Klubov\u00fd Putovn\u00ed poh\u00e1r v\u00fdstavn\u00ed&nbsp;(univerz\u00e1ln\u00ed) \/&nbsp;<a href=\"https:\/\/faraonklub.cz\/wp-content\/uploads\/2025\/06\/Soutez-o-vystavni-putovni-klubovy-pohar.pdf\" target=\"_blank\" rel=\"noreferrer noopener\">PDF<\/a><\/li>\n\n\n\n<li>P\u0159ihl\u00e1\u0161ka na sout\u011b\u017e \u2013&nbsp;Klubov\u00fd Putovn\u00ed poh\u00e1r sportovn\u00ed&nbsp;(univerz\u00e1ln\u00ed) \/&nbsp;<a href=\"https:\/\/faraonklub.cz\/wp-content\/uploads\/2025\/06\/Soutez-o-sportovni-putovni-klubovy-pohar.pdf\" target=\"_blank\" rel=\"noreferrer noopener\">PDF<\/a><\/li>\n\n\n\n<li>Klubov\u00fd \u0161ampion DIPLOM,&nbsp;<a href=\"https:\/\/faraonklub.cz\/index.php\/klubovy-sampion\/\" data-type=\"page\" data-id=\"438\">podm\u00ednky<\/a>&nbsp;\/&nbsp;<a href=\"https:\/\/faraonklub.cz\/wp-content\/uploads\/2024\/03\/klub.sampion.pdf\" target=\"_blank\" rel=\"noreferrer noopener\">PDF<\/a>,&nbsp;<a href=\"https:\/\/faraonklub.cz\/wp-content\/uploads\/2024\/03\/klub.sampion.xls\" data-type=\"link\" data-id=\"https:\/\/faraonklub.cz\/wp-content\/uploads\/2024\/03\/klub.sampion.xls\" target=\"_blank\" rel=\"noreferrer noopener\">excell<\/a><\/li>\n\n\n\n<li>\u017d\u00e1dost o vystaven\u00ed Kryc\u00edho Listu \/ <a href=\"https:\/\/faraonklub.cz\/wp-content\/uploads\/2025\/06\/Zadost-o-vystaveni-Kryciho-listu.pdf\" target=\"_blank\" rel=\"noreferrer noopener\">PDF<\/a><\/li>\n\n\n\n<li>Hl\u00e1\u0161en\u00ed vrhu \/\u00a0<a href=\"https:\/\/faraonklub.cz\/wp-content\/uploads\/2025\/08\/hlaseni-vrhu-082025.pdf\" target=\"_blank\" rel=\"noreferrer noopener\">PDF<\/a><\/li>\n\n\n\n<li>P\u0159ihl\u00e1\u0161ka k z\u00e1pisu vrhu \u0161t\u011b\u0148at \/\u00a0<a href=\"https:\/\/faraonklub.cz\/wp-content\/uploads\/2025\/08\/prihlaska-k-zapisu-stenat-082025.pdf\" data-type=\"attachment\" data-id=\"1002\" target=\"_blank\" rel=\"noreferrer noopener\">PDF<\/a><\/li>\n\n\n\n<li>Kniha odchov\u016f \/&nbsp;<a href=\"https:\/\/faraonklub.cz\/wp-content\/uploads\/2024\/03\/kniha-odchovu.pdf\" target=\"_blank\" rel=\"noreferrer noopener\">PDF<\/a><\/li>\n<\/ul>\n\n\n\n<figure data-wp-context=\"{ &quot;core&quot;:\n\t\t\t\t{ &quot;image&quot;:\n\t\t\t\t\t{   &quot;imageLoaded&quot;: false,\n\t\t\t\t\t\t&quot;initialized&quot;: false,\n\t\t\t\t\t\t&quot;lightboxEnabled&quot;: false,\n\t\t\t\t\t\t&quot;hideAnimationEnabled&quot;: false,\n\t\t\t\t\t\t&quot;preloadInitialized&quot;: false,\n\t\t\t\t\t\t&quot;lightboxAnimation&quot;: &quot;zoom&quot;,\n\t\t\t\t\t\t&quot;imageUploadedSrc&quot;: &quot;https:\/\/faraonklub.cz\/wp-content\/uploads\/2024\/03\/pups.jpg&quot;,\n\t\t\t\t\t\t&quot;imageCurrentSrc&quot;: &quot;&quot;,\n\t\t\t\t\t\t&quot;targetWidth&quot;: &quot;692&quot;,\n\t\t\t\t\t\t&quot;targetHeight&quot;: &quot;757&quot;,\n\t\t\t\t\t\t&quot;scaleAttr&quot;: &quot;&quot;,\n\t\t\t\t\t\t&quot;dialogLabel&quot;: &quot;Zv\u011bt\u0161en\u00fd obr\u00e1zek&quot;\n\t\t\t\t\t}\n\t\t\t\t}\n\t\t\t}\" data-wp-interactive class=\"wp-block-image size-full is-style-default wp-lightbox-container\"><img loading=\"lazy\" decoding=\"async\" width=\"692\" height=\"757\" data-wp-effect--setStylesOnResize=\"effects.core.image.setStylesOnResize\" data-wp-effect=\"effects.core.image.setButtonStyles\" data-wp-init=\"effects.core.image.initOriginImage\" data-wp-on--click=\"actions.core.image.showLightbox\" data-wp-on--load=\"actions.core.image.handleLoad\" src=\"https:\/\/faraonklub.cz\/wp-content\/uploads\/2024\/03\/pups.jpg\" alt=\"\" class=\"wp-image-633\" srcset=\"https:\/\/faraonklub.cz\/wp-content\/uploads\/2024\/03\/pups.jpg 692w, https:\/\/faraonklub.cz\/wp-content\/uploads\/2024\/03\/pups-274x300.jpg 274w\" sizes=\"(max-width: 692px) 100vw, 692px\" \/><button\n\t\t\tclass=\"lightbox-trigger\"\n\t\t\ttype=\"button\"\n\t\t\taria-haspopup=\"dialog\"\n\t\t\taria-label=\"Zv\u011bt\u0161it obr\u00e1zek\"\n\t\t\tdata-wp-on--click=\"actions.core.image.showLightbox\"\n\t\t\tdata-wp-style--right=\"context.core.image.imageButtonRight\"\n\t\t\tdata-wp-style--top=\"context.core.image.imageButtonTop\"\n\t\t>\n\t\t\t<svg xmlns=\"http:\/\/www.w3.org\/2000\/svg\" width=\"12\" height=\"12\" fill=\"none\" viewBox=\"0 0 12 12\">\n\t\t\t\t<path fill=\"#fff\" d=\"M2 0a2 2 0 0 0-2 2v2h1.5V2a.5.5 0 0 1 .5-.5h2V0H2Zm2 10.5H2a.5.5 0 0 1-.5-.5V8H0v2a2 2 0 0 0 2 2h2v-1.5ZM8 12v-1.5h2a.5.5 0 0 0 .5-.5V8H12v2a2 2 0 0 1-2 2H8Zm2-12a2 2 0 0 1 2 2v2h-1.5V2a.5.5 0 0 0-.5-.5H8V0h2Z\" \/>\n\t\t\t<\/svg>\n\t\t<\/button><figcaption class=\"wp-element-caption\">C vrh Florina\u2019s Diamonds<\/figcaption>        <div data-wp-body=\"\" class=\"wp-lightbox-overlay zoom\"\n            data-wp-bind--role=\"selectors.core.image.roleAttribute\"\n            data-wp-bind--aria-label=\"selectors.core.image.dialogLabel\"\n            data-wp-class--initialized=\"context.core.image.initialized\"\n            data-wp-class--active=\"context.core.image.lightboxEnabled\"\n            data-wp-class--hideAnimationEnabled=\"context.core.image.hideAnimationEnabled\"\n            data-wp-bind--aria-modal=\"selectors.core.image.ariaModal\"\n            data-wp-effect=\"effects.core.image.initLightbox\"\n            data-wp-on--keydown=\"actions.core.image.handleKeydown\"\n            data-wp-on--touchstart=\"actions.core.image.handleTouchStart\"\n            data-wp-on--touchmove=\"actions.core.image.handleTouchMove\"\n            data-wp-on--touchend=\"actions.core.image.handleTouchEnd\"\n            data-wp-on--click=\"actions.core.image.hideLightbox\"\n            tabindex=\"-1\"\n            >\n                <button type=\"button\" aria-label=\"Zav\u0159\u00edt\" style=\"fill: #000\" class=\"close-button\" data-wp-on--click=\"actions.core.image.hideLightbox\">\n                    <svg xmlns=\"http:\/\/www.w3.org\/2000\/svg\" viewBox=\"0 0 24 24\" width=\"20\" height=\"20\" aria-hidden=\"true\" focusable=\"false\"><path d=\"M13 11.8l6.1-6.3-1-1-6.1 6.2-6.1-6.2-1 1 6.1 6.3-6.5 6.7 1 1 6.5-6.6 6.5 6.6 1-1z\"><\/path><\/svg>\n                <\/button>\n                <div class=\"lightbox-image-container\">\n<figure class=\"wp-block-image size-full is-style-default responsive-image\"><img decoding=\"async\" data-wp-bind--src=\"context.core.image.imageCurrentSrc\" data-wp-style--object-fit=\"selectors.core.image.lightboxObjectFit\" src=\"\" alt=\"\" class=\"wp-image-633\"\/><figcaption class=\"wp-element-caption\">C vrh Florina\u2019s Diamonds<\/figcaption><\/figure>\n<\/div>\n                <div class=\"lightbox-image-container\">\n<figure class=\"wp-block-image size-full is-style-default enlarged-image\"><img decoding=\"async\" data-wp-bind--src=\"selectors.core.image.enlargedImgSrc\" data-wp-style--object-fit=\"selectors.core.image.lightboxObjectFit\" src=\"\" alt=\"\" class=\"wp-image-633\"\/><figcaption class=\"wp-element-caption\">C vrh Florina\u2019s Diamonds<\/figcaption><\/figure>\n<\/div>\n                <div class=\"scrim\" style=\"background-color: #fff\" aria-hidden=\"true\"><\/div>\n        <\/div><\/figure>\n<\/div>\n<\/div>\n\n\n\n<p><\/p>\n","protected":false},"excerpt":{"rendered":"<p>Plemena v klubu zast\u0159e\u0161ena:FCI V. \u0160picov\u00e9 a primitivn\u00ed plemenaFaraonsk\u00fd pes,&nbsp;Ibizsk\u00fd podenco,&nbsp;Kan\u00e1rsk\u00fd podenco,&nbsp;Portugalsk\u00fd podengo&nbsp;a&nbsp;Sicilsk\u00fd chrt s\u00eddlo klubu: KFP z.s., Nov\u00e1 Ves 96, 277 52 Nov\u00e1 Ves u M\u011bln\u00edkaI\u010c: 70855064 \u010c\u00edslo \u00fa\u010dtu: &#8230;<\/p>\n","protected":false},"author":1,"featured_media":0,"parent":0,"menu_order":0,"comment_status":"closed","ping_status":"closed","template":"","meta":{"footnotes":"","_links_to":"","_links_to_target":""},"_links":{"self":[{"href":"https:\/\/faraonklub.cz\/index.php\/wp-json\/wp\/v2\/pages\/623"}],"collection":[{"href":"https:\/\/faraonklub.cz\/index.php\/wp-json\/wp\/v2\/pages"}],"about":[{"href":"https:\/\/faraonklub.cz\/index.php\/wp-json\/wp\/v2\/types\/page"}],"author":[{"embeddable":true,"href":"https:\/\/faraonklub.cz\/index.php\/wp-json\/wp\/v2\/users\/1"}],"replies":[{"embeddable":true,"href":"https:\/\/faraonklub.cz\/index.php\/wp-json\/wp\/v2\/comments?post=623"}],"version-history":[{"count":62,"href":"https:\/\/faraonklub.cz\/index.php\/wp-json\/wp\/v2\/pages\/623\/revisions"}],"predecessor-version":[{"id":3838,"href":"https:\/\/faraonklub.cz\/index.php\/wp-json\/wp\/v2\/pages\/623\/revisions\/3838"}],"wp:attachment":[{"href":"https:\/\/faraonklub.cz\/index.php\/wp-json\/wp\/v2\/media?parent=623"}],"curies":[{"name":"wp","href":"https:\/\/api.w.org\/{rel}","templated":true}]}}